{"id":30248,"date":"2024-01-12T15:38:51","date_gmt":"2024-01-12T15:38:51","guid":{"rendered":"https:\/\/nueva.zdzerodefects.com\/sin%20categor\u00eda\/senior-diplomatico-talla-grande\/"},"modified":"2024-04-02T09:53:26","modified_gmt":"2024-04-02T09:53:26","slug":"senior-diplomatico-talla-grande","status":"publish","type":"product","link":"https:\/\/nueva.zdzerodefects.com\/en\/ropa-interior-hombre\/calzoncillos\/tallas-grandes\/senior-diplomatico-talla-grande\/","title":{"rendered":"Slip Senior diplom\u00e1tico con abertura &#8211; Talla grande"},"content":{"rendered":"<p>El <strong>slip Senior diplom\u00e1tico con abertura en talla grande<\/strong>, est\u00e1 disponible en 3 colores y est\u00e1 dise\u00f1ado para ofrecer la m\u00e1xima comodidad y una sujeci\u00f3n perfecta. Est\u00e1 confeccionado con el mejor <em>algod\u00f3n egipcio<\/em> del mundo para ofrecer un confort excepcional.<\/p>\n<p>Las costuras el\u00e1sticas se abren a mano quedando totalmente planas, suprimiendo cualquier percepci\u00f3n de la costura sobre la piel. La cintura recubierta del mismo tejido sujeta suavemente sin presionar.<\/p>\n","protected":false},"excerpt":{"rendered":"<p>El slip Senior diplom\u00e1tico con abertura en talla grande, est\u00e1 disponible en 3 colores y est\u00e1 dise\u00f1ado para ofrecer la m\u00e1xima comodidad y una sujeci\u00f3n perfecta. Est\u00e1 confeccionado con el mejor algod\u00f3n egipcio del mundo para ofrecer un confort excepcional. Las costuras el\u00e1sticas se abren a mano quedando totalmente planas, suprimiendo cualquier percepci\u00f3n de la&hellip;&nbsp;<a href=\"https:\/\/nueva.zdzerodefects.com\/en\/ropa-interior-hombre\/calzoncillos\/tallas-grandes\/senior-diplomatico-talla-grande\/\" class=\"\" rel=\"bookmark\">Read More &raquo;<span class=\"screen-reader-text\">Slip Senior diplom\u00e1tico con abertura &#8211; Talla grande<\/span><\/a><\/p>\n","protected":false},"featured_media":20761,"comment_status":"open","ping_status":"closed","template":"","meta":{"neve_meta_sidebar":"","neve_meta_container":"","neve_meta_enable_content_width":"off","neve_meta_content_width":100,"neve_meta_title_alignment":"","neve_meta_author_avatar":"","neve_post_elements_order":"","neve_meta_disable_header":"","neve_meta_disable_footer":"","neve_meta_disable_title":""},"product_cat":[129],"product_tag":[],"class_list":{"0":"post-30248","1":"product","2":"type-product","3":"status-publish","4":"has-post-thumbnail","6":"product_cat-tallas-grandes","8":"first","9":"instock","10":"taxable","11":"shipping-taxable","12":"purchasable","13":"product-type-variable","14":"has-default-attributes"},"yoast_head":"<!-- This site is optimized with the Yoast SEO plugin v22.5 - https:\/\/yoast.com\/wordpress\/plugins\/seo\/ -->\n<title>Slip Senior diplom\u00e1tico con abertura - Talla grande | ZD Zero Defects<\/title>\n<meta name=\"robots\" content=\"noindex, follow, max-snippet:-1, max-image-preview:large, max-video-preview:-1\" \/>\n<meta property=\"og:locale\" content=\"en_US\" \/>\n<meta property=\"og:type\" content=\"article\" \/>\n<meta property=\"og:title\" content=\"Slip Senior diplom\u00e1tico con abertura - Talla grande | ZD Zero Defects\" \/>\n<meta property=\"og:description\" content=\"El slip Senior diplom\u00e1tico con abertura en talla grande, est\u00e1 disponible en 3 colores y est\u00e1 dise\u00f1ado para ofrecer la m\u00e1xima comodidad y una sujeci\u00f3n perfecta. Est\u00e1 confeccionado con el mejor algod\u00f3n egipcio del mundo para ofrecer un confort excepcional. Las costuras el\u00e1sticas se abren a mano quedando totalmente planas, suprimiendo cualquier percepci\u00f3n de la&hellip;&nbsp;Read More &raquo;Slip Senior diplom\u00e1tico con abertura &#8211; Talla grande\" \/>\n<meta property=\"og:url\" content=\"https:\/\/nueva.zdzerodefects.com\/en\/ropa-interior-hombre\/calzoncillos\/tallas-grandes\/senior-diplomatico-talla-grande\/\" \/>\n<meta property=\"og:site_name\" content=\"ZD Zero Defects\" \/>\n<meta property=\"article:modified_time\" content=\"2024-04-02T09:53:26+00:00\" \/>\n<meta property=\"og:image\" content=\"https:\/\/nueva.zdzerodefects.com\/wp-content\/uploads\/2023\/08\/370320SENIOR_diplo_gris.jpg\" \/>\n\t<meta property=\"og:image:width\" content=\"800\" \/>\n\t<meta property=\"og:image:height\" content=\"1155\" \/>\n\t<meta property=\"og:image:type\" content=\"image\/jpeg\" \/>\n<meta name=\"twitter:card\" content=\"summary_large_image\" \/>\n<script type=\"application\/ld+json\" class=\"yoast-schema-graph\">{\"@context\":\"https:\/\/schema.org\",\"@graph\":[{\"@type\":\"WebPage\",\"@id\":\"https:\/\/nueva.zdzerodefects.com\/en\/ropa-interior-hombre\/calzoncillos\/tallas-grandes\/senior-diplomatico-talla-grande\/\",\"url\":\"https:\/\/nueva.zdzerodefects.com\/en\/ropa-interior-hombre\/calzoncillos\/tallas-grandes\/senior-diplomatico-talla-grande\/\",\"name\":\"Slip Senior diplom\u00e1tico con abertura - Talla grande | ZD Zero Defects\",\"isPartOf\":{\"@id\":\"https:\/\/nueva.zdzerodefects.com\/en\/#website\"},\"primaryImageOfPage\":{\"@id\":\"https:\/\/nueva.zdzerodefects.com\/en\/ropa-interior-hombre\/calzoncillos\/tallas-grandes\/senior-diplomatico-talla-grande\/#primaryimage\"},\"image\":{\"@id\":\"https:\/\/nueva.zdzerodefects.com\/en\/ropa-interior-hombre\/calzoncillos\/tallas-grandes\/senior-diplomatico-talla-grande\/#primaryimage\"},\"thumbnailUrl\":\"https:\/\/nueva.zdzerodefects.com\/wp-content\/uploads\/2023\/08\/370320SENIOR_diplo_gris.jpg\",\"datePublished\":\"2024-01-12T15:38:51+00:00\",\"dateModified\":\"2024-04-02T09:53:26+00:00\",\"breadcrumb\":{\"@id\":\"https:\/\/nueva.zdzerodefects.com\/en\/ropa-interior-hombre\/calzoncillos\/tallas-grandes\/senior-diplomatico-talla-grande\/#breadcrumb\"},\"inLanguage\":\"en-US\",\"potentialAction\":[{\"@type\":\"ReadAction\",\"target\":[\"https:\/\/nueva.zdzerodefects.com\/en\/ropa-interior-hombre\/calzoncillos\/tallas-grandes\/senior-diplomatico-talla-grande\/\"]}]},{\"@type\":\"ImageObject\",\"inLanguage\":\"en-US\",\"@id\":\"https:\/\/nueva.zdzerodefects.com\/en\/ropa-interior-hombre\/calzoncillos\/tallas-grandes\/senior-diplomatico-talla-grande\/#primaryimage\",\"url\":\"https:\/\/nueva.zdzerodefects.com\/wp-content\/uploads\/2023\/08\/370320SENIOR_diplo_gris.jpg\",\"contentUrl\":\"https:\/\/nueva.zdzerodefects.com\/wp-content\/uploads\/2023\/08\/370320SENIOR_diplo_gris.jpg\",\"width\":800,\"height\":1155},{\"@type\":\"BreadcrumbList\",\"@id\":\"https:\/\/nueva.zdzerodefects.com\/en\/ropa-interior-hombre\/calzoncillos\/tallas-grandes\/senior-diplomatico-talla-grande\/#breadcrumb\",\"itemListElement\":[{\"@type\":\"ListItem\",\"position\":1,\"name\":\"Inicio\",\"item\":\"https:\/\/nueva.zdzerodefects.com\/en\/\"},{\"@type\":\"ListItem\",\"position\":2,\"name\":\"Shop\",\"item\":\"https:\/\/nueva.zdzerodefects.com\/en\/shop\/\"},{\"@type\":\"ListItem\",\"position\":3,\"name\":\"Slip Senior diplom\u00e1tico con abertura &#8211; Talla grande\"}]},{\"@type\":\"WebSite\",\"@id\":\"https:\/\/nueva.zdzerodefects.com\/en\/#website\",\"url\":\"https:\/\/nueva.zdzerodefects.com\/en\/\",\"name\":\"Zero Defects\",\"description\":\"Zero Defects\",\"publisher\":{\"@id\":\"https:\/\/nueva.zdzerodefects.com\/en\/#organization\"},\"alternateName\":\"Ropa interior de calidad\",\"potentialAction\":[{\"@type\":\"SearchAction\",\"target\":{\"@type\":\"EntryPoint\",\"urlTemplate\":\"https:\/\/nueva.zdzerodefects.com\/en\/?s={search_term_string}\"},\"query-input\":\"required name=search_term_string\"}],\"inLanguage\":\"en-US\"},{\"@type\":\"Organization\",\"@id\":\"https:\/\/nueva.zdzerodefects.com\/en\/#organization\",\"name\":\"Zero Defects\",\"alternateName\":\"ZD Zero Defects\",\"url\":\"https:\/\/nueva.zdzerodefects.com\/en\/\",\"logo\":{\"@type\":\"ImageObject\",\"inLanguage\":\"en-US\",\"@id\":\"https:\/\/nueva.zdzerodefects.com\/en\/#\/schema\/logo\/image\/\",\"url\":\"https:\/\/nueva.zdzerodefects.com\/wp-content\/uploads\/2023\/07\/LogoZD.png\",\"contentUrl\":\"https:\/\/nueva.zdzerodefects.com\/wp-content\/uploads\/2023\/07\/LogoZD.png\",\"width\":220,\"height\":199,\"caption\":\"Zero Defects\"},\"image\":{\"@id\":\"https:\/\/nueva.zdzerodefects.com\/en\/#\/schema\/logo\/image\/\"}}]}<\/script>\n<!-- \/ Yoast SEO plugin. -->","yoast_head_json":{"title":"Slip Senior diplom\u00e1tico con abertura - Talla grande | ZD Zero Defects","robots":{"index":"noindex","follow":"follow","max-snippet":"max-snippet:-1","max-image-preview":"max-image-preview:large","max-video-preview":"max-video-preview:-1"},"og_locale":"en_US","og_type":"article","og_title":"Slip Senior diplom\u00e1tico con abertura - Talla grande | ZD Zero Defects","og_description":"El slip Senior diplom\u00e1tico con abertura en talla grande, est\u00e1 disponible en 3 colores y est\u00e1 dise\u00f1ado para ofrecer la m\u00e1xima comodidad y una sujeci\u00f3n perfecta. Est\u00e1 confeccionado con el mejor algod\u00f3n egipcio del mundo para ofrecer un confort excepcional. Las costuras el\u00e1sticas se abren a mano quedando totalmente planas, suprimiendo cualquier percepci\u00f3n de la&hellip;&nbsp;Read More &raquo;Slip Senior diplom\u00e1tico con abertura &#8211; Talla grande","og_url":"https:\/\/nueva.zdzerodefects.com\/en\/ropa-interior-hombre\/calzoncillos\/tallas-grandes\/senior-diplomatico-talla-grande\/","og_site_name":"ZD Zero Defects","article_modified_time":"2024-04-02T09:53:26+00:00","og_image":[{"width":800,"height":1155,"url":"https:\/\/nueva.zdzerodefects.com\/wp-content\/uploads\/2023\/08\/370320SENIOR_diplo_gris.jpg","type":"image\/jpeg"}],"twitter_card":"summary_large_image","schema":{"@context":"https:\/\/schema.org","@graph":[{"@type":"WebPage","@id":"https:\/\/nueva.zdzerodefects.com\/en\/ropa-interior-hombre\/calzoncillos\/tallas-grandes\/senior-diplomatico-talla-grande\/","url":"https:\/\/nueva.zdzerodefects.com\/en\/ropa-interior-hombre\/calzoncillos\/tallas-grandes\/senior-diplomatico-talla-grande\/","name":"Slip Senior diplom\u00e1tico con abertura - Talla grande | ZD Zero Defects","isPartOf":{"@id":"https:\/\/nueva.zdzerodefects.com\/en\/#website"},"primaryImageOfPage":{"@id":"https:\/\/nueva.zdzerodefects.com\/en\/ropa-interior-hombre\/calzoncillos\/tallas-grandes\/senior-diplomatico-talla-grande\/#primaryimage"},"image":{"@id":"https:\/\/nueva.zdzerodefects.com\/en\/ropa-interior-hombre\/calzoncillos\/tallas-grandes\/senior-diplomatico-talla-grande\/#primaryimage"},"thumbnailUrl":"https:\/\/nueva.zdzerodefects.com\/wp-content\/uploads\/2023\/08\/370320SENIOR_diplo_gris.jpg","datePublished":"2024-01-12T15:38:51+00:00","dateModified":"2024-04-02T09:53:26+00:00","breadcrumb":{"@id":"https:\/\/nueva.zdzerodefects.com\/en\/ropa-interior-hombre\/calzoncillos\/tallas-grandes\/senior-diplomatico-talla-grande\/#breadcrumb"},"inLanguage":"en-US","potentialAction":[{"@type":"ReadAction","target":["https:\/\/nueva.zdzerodefects.com\/en\/ropa-interior-hombre\/calzoncillos\/tallas-grandes\/senior-diplomatico-talla-grande\/"]}]},{"@type":"ImageObject","inLanguage":"en-US","@id":"https:\/\/nueva.zdzerodefects.com\/en\/ropa-interior-hombre\/calzoncillos\/tallas-grandes\/senior-diplomatico-talla-grande\/#primaryimage","url":"https:\/\/nueva.zdzerodefects.com\/wp-content\/uploads\/2023\/08\/370320SENIOR_diplo_gris.jpg","contentUrl":"https:\/\/nueva.zdzerodefects.com\/wp-content\/uploads\/2023\/08\/370320SENIOR_diplo_gris.jpg","width":800,"height":1155},{"@type":"BreadcrumbList","@id":"https:\/\/nueva.zdzerodefects.com\/en\/ropa-interior-hombre\/calzoncillos\/tallas-grandes\/senior-diplomatico-talla-grande\/#breadcrumb","itemListElement":[{"@type":"ListItem","position":1,"name":"Inicio","item":"https:\/\/nueva.zdzerodefects.com\/en\/"},{"@type":"ListItem","position":2,"name":"Shop","item":"https:\/\/nueva.zdzerodefects.com\/en\/shop\/"},{"@type":"ListItem","position":3,"name":"Slip Senior diplom\u00e1tico con abertura &#8211; Talla grande"}]},{"@type":"WebSite","@id":"https:\/\/nueva.zdzerodefects.com\/en\/#website","url":"https:\/\/nueva.zdzerodefects.com\/en\/","name":"Zero Defects","description":"Zero Defects","publisher":{"@id":"https:\/\/nueva.zdzerodefects.com\/en\/#organization"},"alternateName":"Ropa interior de calidad","potentialAction":[{"@type":"SearchAction","target":{"@type":"EntryPoint","urlTemplate":"https:\/\/nueva.zdzerodefects.com\/en\/?s={search_term_string}"},"query-input":"required name=search_term_string"}],"inLanguage":"en-US"},{"@type":"Organization","@id":"https:\/\/nueva.zdzerodefects.com\/en\/#organization","name":"Zero Defects","alternateName":"ZD Zero Defects","url":"https:\/\/nueva.zdzerodefects.com\/en\/","logo":{"@type":"ImageObject","inLanguage":"en-US","@id":"https:\/\/nueva.zdzerodefects.com\/en\/#\/schema\/logo\/image\/","url":"https:\/\/nueva.zdzerodefects.com\/wp-content\/uploads\/2023\/07\/LogoZD.png","contentUrl":"https:\/\/nueva.zdzerodefects.com\/wp-content\/uploads\/2023\/07\/LogoZD.png","width":220,"height":199,"caption":"Zero Defects"},"image":{"@id":"https:\/\/nueva.zdzerodefects.com\/en\/#\/schema\/logo\/image\/"}}]}},"_links":{"self":[{"href":"https:\/\/nueva.zdzerodefects.com\/en\/wp-json\/wp\/v2\/product\/30248","targetHints":{"allow":["GET"]}}],"collection":[{"href":"https:\/\/nueva.zdzerodefects.com\/en\/wp-json\/wp\/v2\/product"}],"about":[{"href":"https:\/\/nueva.zdzerodefects.com\/en\/wp-json\/wp\/v2\/types\/product"}],"replies":[{"embeddable":true,"href":"https:\/\/nueva.zdzerodefects.com\/en\/wp-json\/wp\/v2\/comments?post=30248"}],"wp:featuredmedia":[{"embeddable":true,"href":"https:\/\/nueva.zdzerodefects.com\/en\/wp-json\/wp\/v2\/media\/20761"}],"wp:attachment":[{"href":"https:\/\/nueva.zdzerodefects.com\/en\/wp-json\/wp\/v2\/media?parent=30248"}],"wp:term":[{"taxonomy":"product_cat","embeddable":true,"href":"https:\/\/nueva.zdzerodefects.com\/en\/wp-json\/wp\/v2\/product_cat?post=30248"},{"taxonomy":"product_tag","embeddable":true,"href":"https:\/\/nueva.zdzerodefects.com\/en\/wp-json\/wp\/v2\/product_tag?post=30248"}],"curies":[{"name":"wp","href":"https:\/\/api.w.org\/{rel}","templated":true}]}}