{"id":30270,"date":"2024-01-15T08:07:43","date_gmt":"2024-01-15T08:07:43","guid":{"rendered":"https:\/\/nueva.zdzerodefects.com\/sin%20categor\u00eda\/saturno-senior-soja-talla-grande\/"},"modified":"2025-10-15T14:00:59","modified_gmt":"2025-10-15T14:00:59","slug":"slip-saturno-hilo-de-soja-talla-grande","status":"publish","type":"product","link":"https:\/\/nueva.zdzerodefects.com\/en\/ropa-interior-hombre\/calzoncillos\/tallas-grandes\/slip-saturno-hilo-de-soja-talla-grande\/","title":{"rendered":"Slip abierto Saturno &#8211; Talla grande"},"content":{"rendered":"<p><span data-spm-anchor-id=\"euspain.pdp.description.i0.2731751cr2bpWW\">El<\/span> <strong>slip Saturno<\/strong> con abertura en talla grande, tiene un cuidado dise\u00f1o de corte cl\u00e1sico que, gracias a su patr\u00f3n ergon\u00f3mico y a que las costuras se abren y estiran a mano, se ajusta a su cuerpo como una segunda piel. Est\u00e1 confeccionado con <em>hilo de soja<\/em>, un tejido muy suave y confortable, que dota al slip de un gran poder de absorci\u00f3n y de una gran transpirabilidad. Es perfecto para pieles sensibles por su gran naturaleza antibacteriana. Adem\u00e1s, es un tejido hidratante, ya que nutre y suaviza la piel.<\/p>\n<p>\u00bfQuiere <a href=\"\/hilo-de-soja\/\" target=\"_blank\" rel=\"noopener\">saber m\u00e1s<\/a> sobre este tejido?<\/p>\n<p>Puede personalizar el calzoncillo con sus iniciales o su nombre. S\u00f3lo debe seleccionar &#8220;a\u00f1adir personalizaci\u00f3n&#8221; en la opci\u00f3n de arriba, a\u00f1adir sus iniciales o nombre y escoger el color del hilo. Tiempo estimado de entrega de 2 a 3 semanas.<\/p>\n","protected":false},"excerpt":{"rendered":"<p>El slip Saturno con abertura en talla grande, tiene un cuidado dise\u00f1o de corte cl\u00e1sico que, gracias a su patr\u00f3n ergon\u00f3mico y a que las costuras se abren y estiran a mano, se ajusta a su cuerpo como una segunda piel. Est\u00e1 confeccionado con hilo de soja, un tejido muy suave y confortable, que dota&hellip;&nbsp;<a href=\"https:\/\/nueva.zdzerodefects.com\/en\/ropa-interior-hombre\/calzoncillos\/tallas-grandes\/slip-saturno-hilo-de-soja-talla-grande\/\" class=\"\" rel=\"bookmark\">Read More &raquo;<span class=\"screen-reader-text\">Slip abierto Saturno &#8211; Talla grande<\/span><\/a><\/p>\n","protected":false},"featured_media":20687,"comment_status":"open","ping_status":"closed","template":"","meta":{"neve_meta_sidebar":"","neve_meta_container":"","neve_meta_enable_content_width":"off","neve_meta_content_width":100,"neve_meta_title_alignment":"","neve_meta_author_avatar":"","neve_post_elements_order":"","neve_meta_disable_header":"","neve_meta_disable_footer":"","neve_meta_disable_title":""},"product_cat":[129],"product_tag":[],"class_list":{"0":"post-30270","1":"product","2":"type-product","3":"status-publish","4":"has-post-thumbnail","6":"product_cat-tallas-grandes","8":"first","9":"instock","10":"taxable","11":"shipping-taxable","12":"purchasable","13":"product-type-variable","14":"has-default-attributes"},"yoast_head":"<!-- This site is optimized with the Yoast SEO plugin v22.5 - https:\/\/yoast.com\/wordpress\/plugins\/seo\/ -->\n<title>Slip abierto Saturno - Talla grande | ZD Zero Defects<\/title>\n<meta name=\"description\" content=\"El slip Saturno con abertura tiene un cuidado dise\u00f1o de corte cl\u00e1sico que se ajusta a su cuerpo como una segunda piel. Sienta el confort en su piel.\" \/>\n<meta name=\"robots\" content=\"noindex, follow, max-snippet:-1, max-image-preview:large, max-video-preview:-1\" \/>\n<meta property=\"og:locale\" content=\"en_US\" \/>\n<meta property=\"og:type\" content=\"article\" \/>\n<meta property=\"og:title\" content=\"Slip abierto Saturno - Talla grande | ZD Zero Defects\" \/>\n<meta property=\"og:description\" content=\"El slip Saturno con abertura tiene un cuidado dise\u00f1o de corte cl\u00e1sico que se ajusta a su cuerpo como una segunda piel. Sienta el confort en su piel.\" \/>\n<meta property=\"og:url\" content=\"https:\/\/nueva.zdzerodefects.com\/en\/ropa-interior-hombre\/calzoncillos\/tallas-grandes\/slip-saturno-hilo-de-soja-talla-grande\/\" \/>\n<meta property=\"og:site_name\" content=\"ZD Zero Defects\" \/>\n<meta property=\"article:modified_time\" content=\"2025-10-15T14:00:59+00:00\" \/>\n<meta property=\"og:image\" content=\"https:\/\/nueva.zdzerodefects.com\/wp-content\/uploads\/2023\/08\/371820SATURNO_negro.jpg\" \/>\n\t<meta property=\"og:image:width\" content=\"800\" \/>\n\t<meta property=\"og:image:height\" content=\"1155\" \/>\n\t<meta property=\"og:image:type\" content=\"image\/jpeg\" \/>\n<meta name=\"twitter:card\" content=\"summary_large_image\" \/>\n<script type=\"application\/ld+json\" class=\"yoast-schema-graph\">{\"@context\":\"https:\/\/schema.org\",\"@graph\":[{\"@type\":\"WebPage\",\"@id\":\"https:\/\/nueva.zdzerodefects.com\/en\/ropa-interior-hombre\/calzoncillos\/tallas-grandes\/slip-saturno-hilo-de-soja-talla-grande\/\",\"url\":\"https:\/\/nueva.zdzerodefects.com\/en\/ropa-interior-hombre\/calzoncillos\/tallas-grandes\/slip-saturno-hilo-de-soja-talla-grande\/\",\"name\":\"Slip abierto Saturno - Talla grande | ZD Zero Defects\",\"isPartOf\":{\"@id\":\"https:\/\/nueva.zdzerodefects.com\/en\/#website\"},\"primaryImageOfPage\":{\"@id\":\"https:\/\/nueva.zdzerodefects.com\/en\/ropa-interior-hombre\/calzoncillos\/tallas-grandes\/slip-saturno-hilo-de-soja-talla-grande\/#primaryimage\"},\"image\":{\"@id\":\"https:\/\/nueva.zdzerodefects.com\/en\/ropa-interior-hombre\/calzoncillos\/tallas-grandes\/slip-saturno-hilo-de-soja-talla-grande\/#primaryimage\"},\"thumbnailUrl\":\"https:\/\/nueva.zdzerodefects.com\/wp-content\/uploads\/2023\/08\/371820SATURNO_negro.jpg\",\"datePublished\":\"2024-01-15T08:07:43+00:00\",\"dateModified\":\"2025-10-15T14:00:59+00:00\",\"description\":\"El slip Saturno con abertura tiene un cuidado dise\u00f1o de corte cl\u00e1sico que se ajusta a su cuerpo como una segunda piel. Sienta el confort en su piel.\",\"breadcrumb\":{\"@id\":\"https:\/\/nueva.zdzerodefects.com\/en\/ropa-interior-hombre\/calzoncillos\/tallas-grandes\/slip-saturno-hilo-de-soja-talla-grande\/#breadcrumb\"},\"inLanguage\":\"en-US\",\"potentialAction\":[{\"@type\":\"ReadAction\",\"target\":[\"https:\/\/nueva.zdzerodefects.com\/en\/ropa-interior-hombre\/calzoncillos\/tallas-grandes\/slip-saturno-hilo-de-soja-talla-grande\/\"]}]},{\"@type\":\"ImageObject\",\"inLanguage\":\"en-US\",\"@id\":\"https:\/\/nueva.zdzerodefects.com\/en\/ropa-interior-hombre\/calzoncillos\/tallas-grandes\/slip-saturno-hilo-de-soja-talla-grande\/#primaryimage\",\"url\":\"https:\/\/nueva.zdzerodefects.com\/wp-content\/uploads\/2023\/08\/371820SATURNO_negro.jpg\",\"contentUrl\":\"https:\/\/nueva.zdzerodefects.com\/wp-content\/uploads\/2023\/08\/371820SATURNO_negro.jpg\",\"width\":800,\"height\":1155},{\"@type\":\"BreadcrumbList\",\"@id\":\"https:\/\/nueva.zdzerodefects.com\/en\/ropa-interior-hombre\/calzoncillos\/tallas-grandes\/slip-saturno-hilo-de-soja-talla-grande\/#breadcrumb\",\"itemListElement\":[{\"@type\":\"ListItem\",\"position\":1,\"name\":\"Inicio\",\"item\":\"https:\/\/nueva.zdzerodefects.com\/en\/\"},{\"@type\":\"ListItem\",\"position\":2,\"name\":\"Shop\",\"item\":\"https:\/\/nueva.zdzerodefects.com\/en\/shop\/\"},{\"@type\":\"ListItem\",\"position\":3,\"name\":\"Slip abierto Saturno &#8211; Talla grande\"}]},{\"@type\":\"WebSite\",\"@id\":\"https:\/\/nueva.zdzerodefects.com\/en\/#website\",\"url\":\"https:\/\/nueva.zdzerodefects.com\/en\/\",\"name\":\"Zero Defects\",\"description\":\"Zero Defects\",\"publisher\":{\"@id\":\"https:\/\/nueva.zdzerodefects.com\/en\/#organization\"},\"alternateName\":\"Ropa interior de calidad\",\"potentialAction\":[{\"@type\":\"SearchAction\",\"target\":{\"@type\":\"EntryPoint\",\"urlTemplate\":\"https:\/\/nueva.zdzerodefects.com\/en\/?s={search_term_string}\"},\"query-input\":\"required name=search_term_string\"}],\"inLanguage\":\"en-US\"},{\"@type\":\"Organization\",\"@id\":\"https:\/\/nueva.zdzerodefects.com\/en\/#organization\",\"name\":\"Zero Defects\",\"alternateName\":\"ZD Zero Defects\",\"url\":\"https:\/\/nueva.zdzerodefects.com\/en\/\",\"logo\":{\"@type\":\"ImageObject\",\"inLanguage\":\"en-US\",\"@id\":\"https:\/\/nueva.zdzerodefects.com\/en\/#\/schema\/logo\/image\/\",\"url\":\"https:\/\/nueva.zdzerodefects.com\/wp-content\/uploads\/2023\/07\/LogoZD.png\",\"contentUrl\":\"https:\/\/nueva.zdzerodefects.com\/wp-content\/uploads\/2023\/07\/LogoZD.png\",\"width\":220,\"height\":199,\"caption\":\"Zero Defects\"},\"image\":{\"@id\":\"https:\/\/nueva.zdzerodefects.com\/en\/#\/schema\/logo\/image\/\"}}]}<\/script>\n<!-- \/ Yoast SEO plugin. -->","yoast_head_json":{"title":"Slip abierto Saturno - Talla grande | ZD Zero Defects","description":"El slip Saturno con abertura tiene un cuidado dise\u00f1o de corte cl\u00e1sico que se ajusta a su cuerpo como una segunda piel. Sienta el confort en su piel.","robots":{"index":"noindex","follow":"follow","max-snippet":"max-snippet:-1","max-image-preview":"max-image-preview:large","max-video-preview":"max-video-preview:-1"},"og_locale":"en_US","og_type":"article","og_title":"Slip abierto Saturno - Talla grande | ZD Zero Defects","og_description":"El slip Saturno con abertura tiene un cuidado dise\u00f1o de corte cl\u00e1sico que se ajusta a su cuerpo como una segunda piel. Sienta el confort en su piel.","og_url":"https:\/\/nueva.zdzerodefects.com\/en\/ropa-interior-hombre\/calzoncillos\/tallas-grandes\/slip-saturno-hilo-de-soja-talla-grande\/","og_site_name":"ZD Zero Defects","article_modified_time":"2025-10-15T14:00:59+00:00","og_image":[{"width":800,"height":1155,"url":"https:\/\/nueva.zdzerodefects.com\/wp-content\/uploads\/2023\/08\/371820SATURNO_negro.jpg","type":"image\/jpeg"}],"twitter_card":"summary_large_image","schema":{"@context":"https:\/\/schema.org","@graph":[{"@type":"WebPage","@id":"https:\/\/nueva.zdzerodefects.com\/en\/ropa-interior-hombre\/calzoncillos\/tallas-grandes\/slip-saturno-hilo-de-soja-talla-grande\/","url":"https:\/\/nueva.zdzerodefects.com\/en\/ropa-interior-hombre\/calzoncillos\/tallas-grandes\/slip-saturno-hilo-de-soja-talla-grande\/","name":"Slip abierto Saturno - Talla grande | ZD Zero Defects","isPartOf":{"@id":"https:\/\/nueva.zdzerodefects.com\/en\/#website"},"primaryImageOfPage":{"@id":"https:\/\/nueva.zdzerodefects.com\/en\/ropa-interior-hombre\/calzoncillos\/tallas-grandes\/slip-saturno-hilo-de-soja-talla-grande\/#primaryimage"},"image":{"@id":"https:\/\/nueva.zdzerodefects.com\/en\/ropa-interior-hombre\/calzoncillos\/tallas-grandes\/slip-saturno-hilo-de-soja-talla-grande\/#primaryimage"},"thumbnailUrl":"https:\/\/nueva.zdzerodefects.com\/wp-content\/uploads\/2023\/08\/371820SATURNO_negro.jpg","datePublished":"2024-01-15T08:07:43+00:00","dateModified":"2025-10-15T14:00:59+00:00","description":"El slip Saturno con abertura tiene un cuidado dise\u00f1o de corte cl\u00e1sico que se ajusta a su cuerpo como una segunda piel. Sienta el confort en su piel.","breadcrumb":{"@id":"https:\/\/nueva.zdzerodefects.com\/en\/ropa-interior-hombre\/calzoncillos\/tallas-grandes\/slip-saturno-hilo-de-soja-talla-grande\/#breadcrumb"},"inLanguage":"en-US","potentialAction":[{"@type":"ReadAction","target":["https:\/\/nueva.zdzerodefects.com\/en\/ropa-interior-hombre\/calzoncillos\/tallas-grandes\/slip-saturno-hilo-de-soja-talla-grande\/"]}]},{"@type":"ImageObject","inLanguage":"en-US","@id":"https:\/\/nueva.zdzerodefects.com\/en\/ropa-interior-hombre\/calzoncillos\/tallas-grandes\/slip-saturno-hilo-de-soja-talla-grande\/#primaryimage","url":"https:\/\/nueva.zdzerodefects.com\/wp-content\/uploads\/2023\/08\/371820SATURNO_negro.jpg","contentUrl":"https:\/\/nueva.zdzerodefects.com\/wp-content\/uploads\/2023\/08\/371820SATURNO_negro.jpg","width":800,"height":1155},{"@type":"BreadcrumbList","@id":"https:\/\/nueva.zdzerodefects.com\/en\/ropa-interior-hombre\/calzoncillos\/tallas-grandes\/slip-saturno-hilo-de-soja-talla-grande\/#breadcrumb","itemListElement":[{"@type":"ListItem","position":1,"name":"Inicio","item":"https:\/\/nueva.zdzerodefects.com\/en\/"},{"@type":"ListItem","position":2,"name":"Shop","item":"https:\/\/nueva.zdzerodefects.com\/en\/shop\/"},{"@type":"ListItem","position":3,"name":"Slip abierto Saturno &#8211; Talla grande"}]},{"@type":"WebSite","@id":"https:\/\/nueva.zdzerodefects.com\/en\/#website","url":"https:\/\/nueva.zdzerodefects.com\/en\/","name":"Zero Defects","description":"Zero Defects","publisher":{"@id":"https:\/\/nueva.zdzerodefects.com\/en\/#organization"},"alternateName":"Ropa interior de calidad","potentialAction":[{"@type":"SearchAction","target":{"@type":"EntryPoint","urlTemplate":"https:\/\/nueva.zdzerodefects.com\/en\/?s={search_term_string}"},"query-input":"required name=search_term_string"}],"inLanguage":"en-US"},{"@type":"Organization","@id":"https:\/\/nueva.zdzerodefects.com\/en\/#organization","name":"Zero Defects","alternateName":"ZD Zero Defects","url":"https:\/\/nueva.zdzerodefects.com\/en\/","logo":{"@type":"ImageObject","inLanguage":"en-US","@id":"https:\/\/nueva.zdzerodefects.com\/en\/#\/schema\/logo\/image\/","url":"https:\/\/nueva.zdzerodefects.com\/wp-content\/uploads\/2023\/07\/LogoZD.png","contentUrl":"https:\/\/nueva.zdzerodefects.com\/wp-content\/uploads\/2023\/07\/LogoZD.png","width":220,"height":199,"caption":"Zero Defects"},"image":{"@id":"https:\/\/nueva.zdzerodefects.com\/en\/#\/schema\/logo\/image\/"}}]}},"_links":{"self":[{"href":"https:\/\/nueva.zdzerodefects.com\/en\/wp-json\/wp\/v2\/product\/30270","targetHints":{"allow":["GET"]}}],"collection":[{"href":"https:\/\/nueva.zdzerodefects.com\/en\/wp-json\/wp\/v2\/product"}],"about":[{"href":"https:\/\/nueva.zdzerodefects.com\/en\/wp-json\/wp\/v2\/types\/product"}],"replies":[{"embeddable":true,"href":"https:\/\/nueva.zdzerodefects.com\/en\/wp-json\/wp\/v2\/comments?post=30270"}],"wp:featuredmedia":[{"embeddable":true,"href":"https:\/\/nueva.zdzerodefects.com\/en\/wp-json\/wp\/v2\/media\/20687"}],"wp:attachment":[{"href":"https:\/\/nueva.zdzerodefects.com\/en\/wp-json\/wp\/v2\/media?parent=30270"}],"wp:term":[{"taxonomy":"product_cat","embeddable":true,"href":"https:\/\/nueva.zdzerodefects.com\/en\/wp-json\/wp\/v2\/product_cat?post=30270"},{"taxonomy":"product_tag","embeddable":true,"href":"https:\/\/nueva.zdzerodefects.com\/en\/wp-json\/wp\/v2\/product_tag?post=30270"}],"curies":[{"name":"wp","href":"https:\/\/api.w.org\/{rel}","templated":true}]}}