{"id":31992,"date":"2024-03-15T11:04:52","date_gmt":"2024-03-15T11:04:52","guid":{"rendered":"https:\/\/nueva.zdzerodefects.com\/sin%20categor\u00eda\/senior-arrow-p-v-2024-3\/"},"modified":"2024-04-02T09:55:38","modified_gmt":"2024-04-02T09:55:38","slug":"senior-arrow-p-v-2024-3","status":"publish","type":"product","link":"https:\/\/nueva.zdzerodefects.com\/en\/ropa-interior-hombre\/calzoncillos\/tallas-grandes\/senior-arrow-p-v-2024-3\/","title":{"rendered":"Slip Senior Arrow gris\u00a0&#8211; talla grande"},"content":{"rendered":"<div>El\u00a0<strong>slip Senior Arrow gris<\/strong>\u00a0con abertura en talla grande, pertenece a\u00a0<u>nuestra nueva colecci\u00f3n primavera-verano 2024<\/u>. El estampado en tonos grises es una serendipia de &#8220;accidentes geom\u00e9tricos&#8221;, como la sombra proyectada de la rejilla de una p\u00e9rgola o una persiana.<\/div>\n<div>\nEst\u00e1 confeccionado con\u00a0<i>algod\u00f3n egipcio\u00a0<\/i>de la m\u00e1s alta calidad, un tejido que dota a las prendas de:<\/div>\n<div>\n<strong>&#8211; Gran suavidad y confort<\/strong><\/div>\n<div><strong>&#8211; Gran poder de absorci\u00f3n y tranpirabilidad<\/strong><\/div>\n<div><strong>&#8211; Gran resistencia y durabilidad<\/strong><\/p>\n<\/div>\n<div>Cuenta con un patronaje ergon\u00f3mico que se adapta a su cuerpo como una segunda piel. Adem\u00e1s, sus costuras el\u00e1sticas se abren a mano quedando totalmente planas, suprimiendo cualquier percepci\u00f3n de la costura sobre la piel; y la cintura recubierta del mismo tejido sujeta suavemente sin presionar.<\/div>\n","protected":false},"excerpt":{"rendered":"<p>El\u00a0slip Senior Arrow gris\u00a0con abertura en talla grande, pertenece a\u00a0nuestra nueva colecci\u00f3n primavera-verano 2024. El estampado en tonos grises es una serendipia de &#8220;accidentes geom\u00e9tricos&#8221;, como la sombra proyectada de la rejilla de una p\u00e9rgola o una persiana. Est\u00e1 confeccionado con\u00a0algod\u00f3n egipcio\u00a0de la m\u00e1s alta calidad, un tejido que dota a las prendas de: &#8211;&hellip;&nbsp;<a href=\"https:\/\/nueva.zdzerodefects.com\/en\/ropa-interior-hombre\/calzoncillos\/tallas-grandes\/senior-arrow-p-v-2024-3\/\" class=\"\" rel=\"bookmark\">Read More &raquo;<span class=\"screen-reader-text\">Slip Senior Arrow gris\u00a0&#8211; talla grande<\/span><\/a><\/p>\n","protected":false},"featured_media":31883,"comment_status":"open","ping_status":"closed","template":"","meta":{"neve_meta_sidebar":"","neve_meta_container":"","neve_meta_enable_content_width":"off","neve_meta_content_width":100,"neve_meta_title_alignment":"","neve_meta_author_avatar":"","neve_post_elements_order":"","neve_meta_disable_header":"","neve_meta_disable_footer":"","neve_meta_disable_title":""},"product_cat":[129],"product_tag":[],"class_list":{"0":"post-31992","1":"product","2":"type-product","3":"status-publish","4":"has-post-thumbnail","6":"product_cat-tallas-grandes","8":"first","9":"instock","10":"taxable","11":"shipping-taxable","12":"purchasable","13":"product-type-variable","14":"has-default-attributes"},"yoast_head":"<!-- This site is optimized with the Yoast SEO plugin v22.5 - https:\/\/yoast.com\/wordpress\/plugins\/seo\/ -->\n<title>Slip Senior Arrow gris\u00a0- talla grande | ZD Zero Defects<\/title>\n<meta name=\"robots\" content=\"noindex, follow, max-snippet:-1, max-image-preview:large, max-video-preview:-1\" \/>\n<meta property=\"og:locale\" content=\"en_US\" \/>\n<meta property=\"og:type\" content=\"article\" \/>\n<meta property=\"og:title\" content=\"Slip Senior Arrow gris\u00a0- talla grande | ZD Zero Defects\" \/>\n<meta property=\"og:description\" content=\"El\u00a0slip Senior Arrow gris\u00a0con abertura en talla grande, pertenece a\u00a0nuestra nueva colecci\u00f3n primavera-verano 2024. El estampado en tonos grises es una serendipia de &#8220;accidentes geom\u00e9tricos&#8221;, como la sombra proyectada de la rejilla de una p\u00e9rgola o una persiana. Est\u00e1 confeccionado con\u00a0algod\u00f3n egipcio\u00a0de la m\u00e1s alta calidad, un tejido que dota a las prendas de: &#8211;&hellip;&nbsp;Read More &raquo;Slip Senior Arrow gris\u00a0&#8211; talla grande\" \/>\n<meta property=\"og:url\" content=\"https:\/\/nueva.zdzerodefects.com\/en\/ropa-interior-hombre\/calzoncillos\/tallas-grandes\/senior-arrow-p-v-2024-3\/\" \/>\n<meta property=\"og:site_name\" content=\"ZD Zero Defects\" \/>\n<meta property=\"article:modified_time\" content=\"2024-04-02T09:55:38+00:00\" \/>\n<meta property=\"og:image\" content=\"https:\/\/nueva.zdzerodefects.com\/wp-content\/uploads\/2024\/03\/Senior-ARROW-Gris-vigore.jpg\" \/>\n\t<meta property=\"og:image:width\" content=\"967\" \/>\n\t<meta property=\"og:image:height\" content=\"1200\" \/>\n\t<meta property=\"og:image:type\" content=\"image\/jpeg\" \/>\n<meta name=\"twitter:card\" content=\"summary_large_image\" \/>\n<script type=\"application\/ld+json\" class=\"yoast-schema-graph\">{\"@context\":\"https:\/\/schema.org\",\"@graph\":[{\"@type\":\"WebPage\",\"@id\":\"https:\/\/nueva.zdzerodefects.com\/en\/ropa-interior-hombre\/calzoncillos\/tallas-grandes\/senior-arrow-p-v-2024-3\/\",\"url\":\"https:\/\/nueva.zdzerodefects.com\/en\/ropa-interior-hombre\/calzoncillos\/tallas-grandes\/senior-arrow-p-v-2024-3\/\",\"name\":\"Slip Senior Arrow gris\u00a0- talla grande | ZD Zero Defects\",\"isPartOf\":{\"@id\":\"https:\/\/nueva.zdzerodefects.com\/en\/#website\"},\"primaryImageOfPage\":{\"@id\":\"https:\/\/nueva.zdzerodefects.com\/en\/ropa-interior-hombre\/calzoncillos\/tallas-grandes\/senior-arrow-p-v-2024-3\/#primaryimage\"},\"image\":{\"@id\":\"https:\/\/nueva.zdzerodefects.com\/en\/ropa-interior-hombre\/calzoncillos\/tallas-grandes\/senior-arrow-p-v-2024-3\/#primaryimage\"},\"thumbnailUrl\":\"https:\/\/nueva.zdzerodefects.com\/wp-content\/uploads\/2024\/03\/Senior-ARROW-Gris-vigore.jpg\",\"datePublished\":\"2024-03-15T11:04:52+00:00\",\"dateModified\":\"2024-04-02T09:55:38+00:00\",\"breadcrumb\":{\"@id\":\"https:\/\/nueva.zdzerodefects.com\/en\/ropa-interior-hombre\/calzoncillos\/tallas-grandes\/senior-arrow-p-v-2024-3\/#breadcrumb\"},\"inLanguage\":\"en-US\",\"potentialAction\":[{\"@type\":\"ReadAction\",\"target\":[\"https:\/\/nueva.zdzerodefects.com\/en\/ropa-interior-hombre\/calzoncillos\/tallas-grandes\/senior-arrow-p-v-2024-3\/\"]}]},{\"@type\":\"ImageObject\",\"inLanguage\":\"en-US\",\"@id\":\"https:\/\/nueva.zdzerodefects.com\/en\/ropa-interior-hombre\/calzoncillos\/tallas-grandes\/senior-arrow-p-v-2024-3\/#primaryimage\",\"url\":\"https:\/\/nueva.zdzerodefects.com\/wp-content\/uploads\/2024\/03\/Senior-ARROW-Gris-vigore.jpg\",\"contentUrl\":\"https:\/\/nueva.zdzerodefects.com\/wp-content\/uploads\/2024\/03\/Senior-ARROW-Gris-vigore.jpg\",\"width\":967,\"height\":1200},{\"@type\":\"BreadcrumbList\",\"@id\":\"https:\/\/nueva.zdzerodefects.com\/en\/ropa-interior-hombre\/calzoncillos\/tallas-grandes\/senior-arrow-p-v-2024-3\/#breadcrumb\",\"itemListElement\":[{\"@type\":\"ListItem\",\"position\":1,\"name\":\"Inicio\",\"item\":\"https:\/\/nueva.zdzerodefects.com\/en\/\"},{\"@type\":\"ListItem\",\"position\":2,\"name\":\"Shop\",\"item\":\"https:\/\/nueva.zdzerodefects.com\/en\/shop\/\"},{\"@type\":\"ListItem\",\"position\":3,\"name\":\"Slip Senior Arrow gris\u00a0&#8211; talla grande\"}]},{\"@type\":\"WebSite\",\"@id\":\"https:\/\/nueva.zdzerodefects.com\/en\/#website\",\"url\":\"https:\/\/nueva.zdzerodefects.com\/en\/\",\"name\":\"Zero Defects\",\"description\":\"Zero Defects\",\"publisher\":{\"@id\":\"https:\/\/nueva.zdzerodefects.com\/en\/#organization\"},\"alternateName\":\"Ropa interior de calidad\",\"potentialAction\":[{\"@type\":\"SearchAction\",\"target\":{\"@type\":\"EntryPoint\",\"urlTemplate\":\"https:\/\/nueva.zdzerodefects.com\/en\/?s={search_term_string}\"},\"query-input\":\"required name=search_term_string\"}],\"inLanguage\":\"en-US\"},{\"@type\":\"Organization\",\"@id\":\"https:\/\/nueva.zdzerodefects.com\/en\/#organization\",\"name\":\"Zero Defects\",\"alternateName\":\"ZD Zero Defects\",\"url\":\"https:\/\/nueva.zdzerodefects.com\/en\/\",\"logo\":{\"@type\":\"ImageObject\",\"inLanguage\":\"en-US\",\"@id\":\"https:\/\/nueva.zdzerodefects.com\/en\/#\/schema\/logo\/image\/\",\"url\":\"https:\/\/nueva.zdzerodefects.com\/wp-content\/uploads\/2023\/07\/LogoZD.png\",\"contentUrl\":\"https:\/\/nueva.zdzerodefects.com\/wp-content\/uploads\/2023\/07\/LogoZD.png\",\"width\":220,\"height\":199,\"caption\":\"Zero Defects\"},\"image\":{\"@id\":\"https:\/\/nueva.zdzerodefects.com\/en\/#\/schema\/logo\/image\/\"}}]}<\/script>\n<!-- \/ Yoast SEO plugin. -->","yoast_head_json":{"title":"Slip Senior Arrow gris\u00a0- talla grande | ZD Zero Defects","robots":{"index":"noindex","follow":"follow","max-snippet":"max-snippet:-1","max-image-preview":"max-image-preview:large","max-video-preview":"max-video-preview:-1"},"og_locale":"en_US","og_type":"article","og_title":"Slip Senior Arrow gris\u00a0- talla grande | ZD Zero Defects","og_description":"El\u00a0slip Senior Arrow gris\u00a0con abertura en talla grande, pertenece a\u00a0nuestra nueva colecci\u00f3n primavera-verano 2024. El estampado en tonos grises es una serendipia de &#8220;accidentes geom\u00e9tricos&#8221;, como la sombra proyectada de la rejilla de una p\u00e9rgola o una persiana. Est\u00e1 confeccionado con\u00a0algod\u00f3n egipcio\u00a0de la m\u00e1s alta calidad, un tejido que dota a las prendas de: &#8211;&hellip;&nbsp;Read More &raquo;Slip Senior Arrow gris\u00a0&#8211; talla grande","og_url":"https:\/\/nueva.zdzerodefects.com\/en\/ropa-interior-hombre\/calzoncillos\/tallas-grandes\/senior-arrow-p-v-2024-3\/","og_site_name":"ZD Zero Defects","article_modified_time":"2024-04-02T09:55:38+00:00","og_image":[{"width":967,"height":1200,"url":"https:\/\/nueva.zdzerodefects.com\/wp-content\/uploads\/2024\/03\/Senior-ARROW-Gris-vigore.jpg","type":"image\/jpeg"}],"twitter_card":"summary_large_image","schema":{"@context":"https:\/\/schema.org","@graph":[{"@type":"WebPage","@id":"https:\/\/nueva.zdzerodefects.com\/en\/ropa-interior-hombre\/calzoncillos\/tallas-grandes\/senior-arrow-p-v-2024-3\/","url":"https:\/\/nueva.zdzerodefects.com\/en\/ropa-interior-hombre\/calzoncillos\/tallas-grandes\/senior-arrow-p-v-2024-3\/","name":"Slip Senior Arrow gris\u00a0- talla grande | ZD Zero Defects","isPartOf":{"@id":"https:\/\/nueva.zdzerodefects.com\/en\/#website"},"primaryImageOfPage":{"@id":"https:\/\/nueva.zdzerodefects.com\/en\/ropa-interior-hombre\/calzoncillos\/tallas-grandes\/senior-arrow-p-v-2024-3\/#primaryimage"},"image":{"@id":"https:\/\/nueva.zdzerodefects.com\/en\/ropa-interior-hombre\/calzoncillos\/tallas-grandes\/senior-arrow-p-v-2024-3\/#primaryimage"},"thumbnailUrl":"https:\/\/nueva.zdzerodefects.com\/wp-content\/uploads\/2024\/03\/Senior-ARROW-Gris-vigore.jpg","datePublished":"2024-03-15T11:04:52+00:00","dateModified":"2024-04-02T09:55:38+00:00","breadcrumb":{"@id":"https:\/\/nueva.zdzerodefects.com\/en\/ropa-interior-hombre\/calzoncillos\/tallas-grandes\/senior-arrow-p-v-2024-3\/#breadcrumb"},"inLanguage":"en-US","potentialAction":[{"@type":"ReadAction","target":["https:\/\/nueva.zdzerodefects.com\/en\/ropa-interior-hombre\/calzoncillos\/tallas-grandes\/senior-arrow-p-v-2024-3\/"]}]},{"@type":"ImageObject","inLanguage":"en-US","@id":"https:\/\/nueva.zdzerodefects.com\/en\/ropa-interior-hombre\/calzoncillos\/tallas-grandes\/senior-arrow-p-v-2024-3\/#primaryimage","url":"https:\/\/nueva.zdzerodefects.com\/wp-content\/uploads\/2024\/03\/Senior-ARROW-Gris-vigore.jpg","contentUrl":"https:\/\/nueva.zdzerodefects.com\/wp-content\/uploads\/2024\/03\/Senior-ARROW-Gris-vigore.jpg","width":967,"height":1200},{"@type":"BreadcrumbList","@id":"https:\/\/nueva.zdzerodefects.com\/en\/ropa-interior-hombre\/calzoncillos\/tallas-grandes\/senior-arrow-p-v-2024-3\/#breadcrumb","itemListElement":[{"@type":"ListItem","position":1,"name":"Inicio","item":"https:\/\/nueva.zdzerodefects.com\/en\/"},{"@type":"ListItem","position":2,"name":"Shop","item":"https:\/\/nueva.zdzerodefects.com\/en\/shop\/"},{"@type":"ListItem","position":3,"name":"Slip Senior Arrow gris\u00a0&#8211; talla grande"}]},{"@type":"WebSite","@id":"https:\/\/nueva.zdzerodefects.com\/en\/#website","url":"https:\/\/nueva.zdzerodefects.com\/en\/","name":"Zero Defects","description":"Zero Defects","publisher":{"@id":"https:\/\/nueva.zdzerodefects.com\/en\/#organization"},"alternateName":"Ropa interior de calidad","potentialAction":[{"@type":"SearchAction","target":{"@type":"EntryPoint","urlTemplate":"https:\/\/nueva.zdzerodefects.com\/en\/?s={search_term_string}"},"query-input":"required name=search_term_string"}],"inLanguage":"en-US"},{"@type":"Organization","@id":"https:\/\/nueva.zdzerodefects.com\/en\/#organization","name":"Zero Defects","alternateName":"ZD Zero Defects","url":"https:\/\/nueva.zdzerodefects.com\/en\/","logo":{"@type":"ImageObject","inLanguage":"en-US","@id":"https:\/\/nueva.zdzerodefects.com\/en\/#\/schema\/logo\/image\/","url":"https:\/\/nueva.zdzerodefects.com\/wp-content\/uploads\/2023\/07\/LogoZD.png","contentUrl":"https:\/\/nueva.zdzerodefects.com\/wp-content\/uploads\/2023\/07\/LogoZD.png","width":220,"height":199,"caption":"Zero Defects"},"image":{"@id":"https:\/\/nueva.zdzerodefects.com\/en\/#\/schema\/logo\/image\/"}}]}},"_links":{"self":[{"href":"https:\/\/nueva.zdzerodefects.com\/en\/wp-json\/wp\/v2\/product\/31992","targetHints":{"allow":["GET"]}}],"collection":[{"href":"https:\/\/nueva.zdzerodefects.com\/en\/wp-json\/wp\/v2\/product"}],"about":[{"href":"https:\/\/nueva.zdzerodefects.com\/en\/wp-json\/wp\/v2\/types\/product"}],"replies":[{"embeddable":true,"href":"https:\/\/nueva.zdzerodefects.com\/en\/wp-json\/wp\/v2\/comments?post=31992"}],"wp:featuredmedia":[{"embeddable":true,"href":"https:\/\/nueva.zdzerodefects.com\/en\/wp-json\/wp\/v2\/media\/31883"}],"wp:attachment":[{"href":"https:\/\/nueva.zdzerodefects.com\/en\/wp-json\/wp\/v2\/media?parent=31992"}],"wp:term":[{"taxonomy":"product_cat","embeddable":true,"href":"https:\/\/nueva.zdzerodefects.com\/en\/wp-json\/wp\/v2\/product_cat?post=31992"},{"taxonomy":"product_tag","embeddable":true,"href":"https:\/\/nueva.zdzerodefects.com\/en\/wp-json\/wp\/v2\/product_tag?post=31992"}],"curies":[{"name":"wp","href":"https:\/\/api.w.org\/{rel}","templated":true}]}}